{"id":238,"date":"2026-01-26T11:06:41","date_gmt":"2026-01-26T11:06:41","guid":{"rendered":"https:\/\/hlo-12351.pt\/politique-de-confidentialite\/"},"modified":"2026-01-27T16:27:11","modified_gmt":"2026-01-27T16:27:11","slug":"politique-de-confidentialite","status":"publish","type":"page","link":"https:\/\/hlo-12351.pt\/fr\/politique-de-confidentialite\/","title":{"rendered":"Politique de Confidentialit\u00e9"},"content":{"rendered":"<div class=\"wpb-content-wrapper\">[vc_row][vc_column][vc_column_text css=\u00a0\u00bb\u00a0\u00bb]<h2 class=\"wp-block-heading\"><span style=\"color: #000000;\">Politique de Confidentialit\u00e9<\/span><\/h2>\n<p><span style=\"color: #000000;\"><!-- \/wp:post-content --><\/span><\/p>\n<p><span style=\"color: #000000;\"><!-- wp:paragraph -->La pr\u00e9sente Politique de Confidentialit\u00e9 d\u00e9crit la mani\u00e8re dont les donn\u00e9es personnelles sont collect\u00e9es, utilis\u00e9es et prot\u00e9g\u00e9es sur le site <strong><a style=\"color: #000000;\" href=\"https:\/\/hlo-12351.pt\/fr\/\">https:\/\/hlo-12351.pt<\/a><\/strong>, plateforme priv\u00e9e r\u00e9serv\u00e9e \u00e0 l\u2019usage exclusif de <strong>Mota-Engil Engenharia &amp; Constru\u00e7\u00e3o, S.A.<\/strong><\/span><\/p>\n<p><span style=\"color: #000000;\"><!-- \/wp:paragraph --><\/span><\/p>\n<p><span style=\"color: #000000;\"><!-- wp:paragraph -->En acc\u00e9dant \u00e0 ce site et en l\u2019utilisant, l\u2019utilisateur accepte les termes de la pr\u00e9sente Politique de Confidentialit\u00e9.<\/span><\/p>\n<p><span style=\"color: #000000;\"><!-- \/wp:paragraph -->\n\n<!-- wp:separator --><\/span><\/p>\n<hr class=\"wp-block-separator has-alpha-channel-opacity\">\n<p><span style=\"color: #000000;\"><!-- \/wp:separator -->\n\n<!-- wp:heading --><\/span><\/p>\n<h2 class=\"wp-block-heading\"><span style=\"color: #000000;\">1. Nature de la Plateforme<\/span><\/h2>\n<p><span style=\"color: #000000;\"><!-- \/wp:heading --><\/span><\/p>\n<p><span style=\"color: #000000;\"><!-- wp:paragraph -->Le site <strong><a style=\"color: #000000;\" href=\"https:\/\/hlo-12351.pt\/fr\/\">https:\/\/hlo-12351.pt<\/a><\/strong> est une plateforme interne \u00e0 acc\u00e8s restreint, destin\u00e9e exclusivement aux employ\u00e9s, partenaires autoris\u00e9s et repr\u00e9sentants de Mota-Engil Engenharia &amp; Constru\u00e7\u00e3o, S.A.<\/span><\/p>\n<p><span style=\"color: #000000;\"><!-- \/wp:paragraph --><\/span><\/p>\n<p><span style=\"color: #000000;\"><!-- wp:paragraph -->L\u2019acc\u00e8s au syst\u00e8me s\u2019effectue au moyen d\u2019identifiants individuels.<\/span><\/p>\n<p><span style=\"color: #000000;\"><!-- \/wp:paragraph -->\n\n<!-- wp:separator --><\/span><\/p>\n<hr class=\"wp-block-separator has-alpha-channel-opacity\">\n<p><span style=\"color: #000000;\"><!-- \/wp:separator -->\n\n<!-- wp:heading --><\/span><\/p>\n<h2 class=\"wp-block-heading\"><span style=\"color: #000000;\">2. Donn\u00e9es Personnelles Collect\u00e9es<\/span><\/h2>\n<p><span style=\"color: #000000;\"><!-- \/wp:heading --><\/span><\/p>\n<p><span style=\"color: #000000;\"><!-- wp:paragraph -->Le site peut collecter et traiter les donn\u00e9es personnelles suivantes :<\/span><\/p>\n<p><span style=\"color: #000000;\"><!-- \/wp:paragraph -->\n\n<!-- wp:list --><\/span><\/p>\n<ul class=\"wp-block-list\">\n<li style=\"list-style-type: none;\">\n<ul class=\"wp-block-list\"><!-- wp:list-item -->\n<li><span style=\"color: #000000;\">Pr\u00e9nom et nom<\/span><\/li>\n<!-- \/wp:list-item -->\n\n<!-- wp:list-item -->\n<li><span style=\"color: #000000;\">Adresse e-mail professionnelle<\/span><\/li>\n<!-- \/wp:list-item -->\n\n<!-- wp:list-item -->\n<li><span style=\"color: #000000;\">Identifiant utilisateur (nom d\u2019utilisateur)<\/span><\/li>\n<!-- \/wp:list-item -->\n\n<!-- wp:list-item -->\n<li><span style=\"color: #000000;\">Journaux de connexion (date, heure et adresse IP)<\/span><\/li>\n<!-- \/wp:list-item -->\n\n<!-- wp:list-item -->\n<li><span style=\"color: #000000;\">Informations relatives aux activit\u00e9s professionnelles, \u00e0 la formation, aux \u00e9quipements de travail et aux heures travaill\u00e9es<\/span><\/li>\n<!-- \/wp:list-item -->\n\n<!-- wp:list-item -->\n<li><span style=\"color: #000000;\">Autres donn\u00e9es strictement n\u00e9cessaires au fonctionnement de la plateforme<\/span><\/li>\n<\/ul>\n<\/li>\n<\/ul>\n<p><span style=\"color: #000000;\"><!-- \/wp:list-item --><\/span><\/p>\n<p><span style=\"color: #000000;\"><!-- \/wp:list --><\/span><\/p>\n<p><span style=\"color: #000000;\"><!-- wp:paragraph -->Les donn\u00e9es personnelles sensibles ne sont pas collect\u00e9es, sauf lorsque la loi ou des obligations op\u00e9rationnelles l\u2019exigent.<\/span><\/p>\n<p><span style=\"color: #000000;\"><!-- \/wp:paragraph -->\n\n<!-- wp:separator --><\/span><\/p>\n<hr class=\"wp-block-separator has-alpha-channel-opacity\">\n<p><span style=\"color: #000000;\"><!-- \/wp:separator -->\n\n<!-- wp:heading --><\/span><\/p>\n<h2 class=\"wp-block-heading\"><span style=\"color: #000000;\">3. Finalit\u00e9 du Traitement des Donn\u00e9es<\/span><\/h2>\n<p><span style=\"color: #000000;\"><!-- \/wp:heading --><\/span><\/p>\n<p><span style=\"color: #000000;\"><!-- wp:paragraph -->Les donn\u00e9es personnelles sont trait\u00e9es afin de :<\/span><\/p>\n<p><span style=\"color: #000000;\"><!-- \/wp:paragraph -->\n\n<!-- wp:list --><\/span><\/p>\n<ul class=\"wp-block-list\">\n<li style=\"list-style-type: none;\">\n<ul class=\"wp-block-list\"><!-- wp:list-item -->\n<li><span style=\"color: #000000;\">Permettre l\u2019acc\u00e8s et l\u2019authentification \u00e0 la plateforme<\/span><\/li>\n<!-- \/wp:list-item -->\n\n<!-- wp:list-item -->\n<li><span style=\"color: #000000;\">G\u00e9rer les utilisateurs et les autorisations<\/span><\/li>\n<!-- \/wp:list-item -->\n\n<!-- wp:list-item -->\n<li><span style=\"color: #000000;\">Soutenir les processus internes de l\u2019entreprise<\/span><\/li>\n<!-- \/wp:list-item -->\n\n<!-- wp:list-item -->\n<li><span style=\"color: #000000;\">Garantir la s\u00e9curit\u00e9 du syst\u00e8me<\/span><\/li>\n<!-- \/wp:list-item -->\n\n<!-- wp:list-item -->\n<li><span style=\"color: #000000;\">Respecter les obligations l\u00e9gales et r\u00e9glementaires<\/span><\/li>\n<\/ul>\n<\/li>\n<\/ul>\n<p><span style=\"color: #000000;\"><!-- \/wp:list-item --><\/span><\/p>\n<p><span style=\"color: #000000;\"><!-- \/wp:list --><\/span><\/p>\n<p><span style=\"color: #000000;\"><!-- wp:paragraph -->Les donn\u00e9es ne seront pas utilis\u00e9es \u00e0 des fins commerciales, marketing ou de diffusion externe.<\/span><\/p>\n<p><span style=\"color: #000000;\"><!-- \/wp:paragraph -->\n\n<!-- wp:separator --><\/span><\/p>\n<hr class=\"wp-block-separator has-alpha-channel-opacity\">\n<p><span style=\"color: #000000;\"><!-- \/wp:separator -->\n\n<!-- wp:heading --><\/span><\/p>\n<h2 class=\"wp-block-heading\"><span style=\"color: #000000;\">4. Partage des Donn\u00e9es<\/span><\/h2>\n<p><span style=\"color: #000000;\"><!-- \/wp:heading --><\/span><\/p>\n<p><span style=\"color: #000000;\"><!-- wp:paragraph -->Les donn\u00e9es personnelles <strong>ne sont pas partag\u00e9es avec des tiers<\/strong>, sauf :<\/span><\/p>\n<p><span style=\"color: #000000;\"><!-- \/wp:paragraph -->\n\n<!-- wp:list --><\/span><\/p>\n<ul class=\"wp-block-list\">\n<li style=\"list-style-type: none;\">\n<ul class=\"wp-block-list\"><!-- wp:list-item -->\n<li><span style=\"color: #000000;\">Lorsque la loi l\u2019exige<\/span><\/li>\n<!-- \/wp:list-item -->\n\n<!-- wp:list-item -->\n<li><span style=\"color: #000000;\">Lorsque cela est n\u00e9cessaire \u00e0 la fourniture de services techniques li\u00e9s \u00e0 la plateforme<\/span><\/li>\n<!-- \/wp:list-item -->\n\n<!-- wp:list-item -->\n<li><span style=\"color: #000000;\">Avec l\u2019autorisation expresse de Mota-Engil Engenharia &amp; Constru\u00e7\u00e3o, S.A.<\/span><\/li>\n<\/ul>\n<\/li>\n<\/ul>\n<p><span style=\"color: #000000;\"><!-- \/wp:list-item --><\/span><\/p>\n<p><span style=\"color: #000000;\"><!-- \/wp:list -->\n\n<!-- wp:separator --><\/span><\/p>\n<hr class=\"wp-block-separator has-alpha-channel-opacity\">\n<p><span style=\"color: #000000;\"><!-- \/wp:separator -->\n\n<!-- wp:heading --><\/span><\/p>\n<h2 class=\"wp-block-heading\"><span style=\"color: #000000;\">5. Conservation des Donn\u00e9es<\/span><\/h2>\n<p><span style=\"color: #000000;\"><!-- \/wp:heading --><\/span><\/p>\n<p><span style=\"color: #000000;\"><!-- wp:paragraph -->Les donn\u00e9es personnelles sont conserv\u00e9es uniquement pendant la dur\u00e9e n\u00e9cessaire \u00e0 la r\u00e9alisation des finalit\u00e9s pour lesquelles elles ont \u00e9t\u00e9 collect\u00e9es ou pour respecter des obligations l\u00e9gales.<\/span><\/p>\n<p><span style=\"color: #000000;\"><!-- \/wp:paragraph -->\n\n<!-- wp:separator --><\/span><\/p>\n<hr class=\"wp-block-separator has-alpha-channel-opacity\">\n<p><span style=\"color: #000000;\"><!-- \/wp:separator -->\n\n<!-- wp:heading --><\/span><\/p>\n<h2 class=\"wp-block-heading\"><span style=\"color: #000000;\">6. S\u00e9curit\u00e9 de l\u2019Information<\/span><\/h2>\n<p><span style=\"color: #000000;\"><!-- \/wp:heading --><\/span><\/p>\n<p><span style=\"color: #000000;\"><!-- wp:paragraph -->Des mesures techniques et organisationnelles appropri\u00e9es sont mises en \u0153uvre afin de prot\u00e9ger les donn\u00e9es personnelles contre l\u2019acc\u00e8s non autoris\u00e9, la modification, la divulgation ou la destruction.<\/span><\/p>\n<p><span style=\"color: #000000;\"><!-- \/wp:paragraph --><\/span><\/p>\n<p><span style=\"color: #000000;\"><!-- wp:paragraph -->L\u2019acc\u00e8s \u00e0 la plateforme est prot\u00e9g\u00e9 par des m\u00e9canismes d\u2019authentification et de contr\u00f4le des autorisations.<\/span><\/p>\n<p><span style=\"color: #000000;\"><!-- \/wp:paragraph -->\n\n<!-- wp:separator --><\/span><\/p>\n<hr class=\"wp-block-separator has-alpha-channel-opacity\">\n<p><span style=\"color: #000000;\"><!-- \/wp:separator -->\n\n<!-- wp:heading --><\/span><\/p>\n<h2 class=\"wp-block-heading\"><span style=\"color: #000000;\">7. Droits des Personnes Concern\u00e9es<\/span><\/h2>\n<p><span style=\"color: #000000;\"><!-- \/wp:heading --><\/span><\/p>\n<p><span style=\"color: #000000;\"><!-- wp:paragraph -->Conform\u00e9ment \u00e0 la l\u00e9gislation applicable (R\u00e8glement G\u00e9n\u00e9ral sur la Protection des Donn\u00e9es \u2013 RGPD), les utilisateurs disposent du droit de :<\/span><\/p>\n<p><span style=\"color: #000000;\"><!-- \/wp:paragraph -->\n\n<!-- wp:list --><\/span><\/p>\n<ul class=\"wp-block-list\">\n<li style=\"list-style-type: none;\">\n<ul class=\"wp-block-list\"><!-- wp:list-item -->\n<li><span style=\"color: #000000;\">Acc\u00e9der \u00e0 leurs donn\u00e9es personnelles<\/span><\/li>\n<!-- \/wp:list-item -->\n\n<!-- wp:list-item -->\n<li><span style=\"color: #000000;\">Demander la rectification de donn\u00e9es inexactes<\/span><\/li>\n<!-- \/wp:list-item -->\n\n<!-- wp:list-item -->\n<li><span style=\"color: #000000;\">Demander l\u2019effacement des donn\u00e9es, lorsque applicable<\/span><\/li>\n<!-- \/wp:list-item -->\n\n<!-- wp:list-item -->\n<li><span style=\"color: #000000;\">Limiter ou s\u2019opposer au traitement des donn\u00e9es<\/span><\/li>\n<\/ul>\n<\/li>\n<\/ul>\n<p><span style=\"color: #000000;\"><!-- \/wp:list-item --><\/span><\/p>\n<p><span style=\"color: #000000;\"><!-- \/wp:list --><\/span><\/p>\n<p><span style=\"color: #000000;\"><!-- wp:paragraph -->Les demandes doivent \u00eatre adress\u00e9es \u00e0 Mota-Engil Engenharia &amp; Constru\u00e7\u00e3o, S.A. par le biais des canaux internes de l\u2019entreprise.<\/span><\/p>\n<p><span style=\"color: #000000;\"><!-- \/wp:paragraph -->\n\n<!-- wp:separator --><\/span><\/p>\n<hr class=\"wp-block-separator has-alpha-channel-opacity\">\n<p><span style=\"color: #000000;\"><!-- \/wp:separator -->\n\n<!-- wp:heading --><\/span><\/p>\n<h2 class=\"wp-block-heading\"><span style=\"color: #000000;\">8. Cookies<\/span><\/h2>\n<p><span style=\"color: #000000;\"><!-- \/wp:heading --><\/span><\/p>\n<p><span style=\"color: #000000;\"><!-- wp:paragraph -->Ce site peut utiliser des cookies strictement n\u00e9cessaires au fonctionnement de la plateforme et \u00e0 la gestion des sessions.<\/span><br><span style=\"color: #000000;\">Aucun cookie de marketing ou de suivi externe n\u2019est utilis\u00e9.<\/span><\/p>\n<p><span style=\"color: #000000;\"><!-- \/wp:paragraph -->\n\n<!-- wp:separator --><\/span><\/p>\n<hr class=\"wp-block-separator has-alpha-channel-opacity\">\n<p><span style=\"color: #000000;\"><!-- \/wp:separator -->\n\n<!-- wp:heading --><\/span><\/p>\n<h2 class=\"wp-block-heading\"><span style=\"color: #000000;\">9. Modifications de la Politique de Confidentialit\u00e9<\/span><\/h2>\n<p><span style=\"color: #000000;\"><!-- \/wp:heading --><\/span><\/p>\n<p><span style=\"color: #000000;\"><!-- wp:paragraph -->Mota-Engil Engenharia &amp; Constru\u00e7\u00e3o, S.A. se r\u00e9serve le droit de modifier la pr\u00e9sente Politique de Confidentialit\u00e9 \u00e0 tout moment.<\/span><br><span style=\"color: #000000;\">Les modifications entrent en vigueur d\u00e8s leur publication sur la plateforme.<\/span><\/p>\n<p><span style=\"color: #000000;\"><!-- \/wp:paragraph -->\n\n<!-- wp:separator --><\/span><\/p>\n<hr class=\"wp-block-separator has-alpha-channel-opacity\">\n<p><span style=\"color: #000000;\"><!-- \/wp:separator -->\n\n<!-- wp:heading --><\/span><\/p>\n<h2 class=\"wp-block-heading\"><span style=\"color: #000000;\">10. Contact<\/span><\/h2>\n<p><span style=\"color: #000000;\"><!-- \/wp:heading --><\/span><\/p>\n<p><span style=\"color: #000000;\"><!-- wp:paragraph -->Pour toute question relative \u00e0 la pr\u00e9sente Politique de Confidentialit\u00e9 ou au traitement des donn\u00e9es personnelles, les utilisateurs doivent contacter les services internes de Mota-Engil Engenharia &amp; Constru\u00e7\u00e3o, S.A.<\/span><\/p>\n<!-- \/wp:paragraph -->\n<p>&nbsp;<\/p>[\/vc_column_text][\/vc_column][\/vc_row]<\/div>","protected":false},"excerpt":{"rendered":"<p>[vc_row][vc_column][vc_column_text css=\u00a0\u00bb\u00a0\u00bb] Politique de Confidentialit\u00e9 La pr\u00e9sente Politique de Confidentialit\u00e9 d\u00e9crit la mani\u00e8re dont les donn\u00e9es personnelles sont collect\u00e9es, utilis\u00e9es et prot\u00e9g\u00e9es sur le site https:\/\/hlo-12351.pt, plateforme priv\u00e9e r\u00e9serv\u00e9e \u00e0 l\u2019usage exclusif de Mota-Engil Engenharia &amp; Constru\u00e7\u00e3o, S.A. En acc\u00e9dant \u00e0 ce site et en l\u2019utilisant, l\u2019utilisateur accepte les termes de la pr\u00e9sente Politique de [&hellip;]<\/p>\n","protected":false},"author":1,"featured_media":0,"parent":0,"menu_order":0,"comment_status":"closed","ping_status":"closed","template":"template-homepage-slider.php","meta":{"footnotes":""},"class_list":["post-238","page","type-page","status-publish","hentry"],"_links":{"self":[{"href":"https:\/\/hlo-12351.pt\/fr\/wp-json\/wp\/v2\/pages\/238","targetHints":{"allow":["GET"]}}],"collection":[{"href":"https:\/\/hlo-12351.pt\/fr\/wp-json\/wp\/v2\/pages"}],"about":[{"href":"https:\/\/hlo-12351.pt\/fr\/wp-json\/wp\/v2\/types\/page"}],"author":[{"embeddable":true,"href":"https:\/\/hlo-12351.pt\/fr\/wp-json\/wp\/v2\/users\/1"}],"replies":[{"embeddable":true,"href":"https:\/\/hlo-12351.pt\/fr\/wp-json\/wp\/v2\/comments?post=238"}],"version-history":[{"count":4,"href":"https:\/\/hlo-12351.pt\/fr\/wp-json\/wp\/v2\/pages\/238\/revisions"}],"predecessor-version":[{"id":371,"href":"https:\/\/hlo-12351.pt\/fr\/wp-json\/wp\/v2\/pages\/238\/revisions\/371"}],"wp:attachment":[{"href":"https:\/\/hlo-12351.pt\/fr\/wp-json\/wp\/v2\/media?parent=238"}],"curies":[{"name":"wp","href":"https:\/\/api.w.org\/{rel}","templated":true}]}}